{"id":2128,"date":"2026-05-04T09:25:55","date_gmt":"2026-05-04T07:25:55","guid":{"rendered":"https:\/\/panelsandwichcieza.es\/?post_type=product&#038;p=2128"},"modified":"2026-05-05T10:07:55","modified_gmt":"2026-05-05T08:07:55","slug":"puertas-de-trastero","status":"publish","type":"product","link":"https:\/\/panelsandwichcieza.es\/fr\/produit\/puertas-de-trastero\/","title":{"rendered":"Portes de l&#039;entrep\u00f4t"},"content":{"rendered":"<p>Puertas para uso en interior y\/o exterior, galvanizadas, lacadas en blanco y acabado en madera. Con rejilla y sin rejilla<\/p>\n<p>Peut contenir des d\u00e9fauts.<\/p>\n<p>Con rejilla, 10\u20ac m\u00e1s.<\/p>\n<p><strong>Les meilleurs prix du march\u00e9, n&#039;h\u00e9sitez pas \u00e0 demander.<\/strong><\/p>","protected":false},"excerpt":{"rendered":"<p>Puertas para uso en interior y\/o exterior, galvanizadas, lacadas en blanco y acabado en madera. Con rejilla y sin rejilla<\/p>\n<p>Peut contenir des d\u00e9fauts.<\/p>\n<p>Con rejilla, 10\u20ac m\u00e1s.<\/p>\n<p><strong>Les meilleurs prix du march\u00e9, n&#039;h\u00e9sitez pas \u00e0 demander.<\/strong><\/p>","protected":false},"featured_media":2129,"comment_status":"closed","ping_status":"closed","template":"","meta":{"_joinchat":[]},"product_brand":[],"product_cat":[103],"product_tag":[],"class_list":{"0":"post-2128","1":"product","2":"type-product","3":"status-publish","4":"has-post-thumbnail","6":"product_cat-puertas","7":"aux-has-gallery","9":"first","10":"instock","11":"taxable","12":"shipping-taxable","13":"purchasable","14":"product-type-simple"},"_links":{"self":[{"href":"https:\/\/panelsandwichcieza.es\/fr\/wp-json\/wp\/v2\/product\/2128","targetHints":{"allow":["GET"]}}],"collection":[{"href":"https:\/\/panelsandwichcieza.es\/fr\/wp-json\/wp\/v2\/product"}],"about":[{"href":"https:\/\/panelsandwichcieza.es\/fr\/wp-json\/wp\/v2\/types\/product"}],"replies":[{"embeddable":true,"href":"https:\/\/panelsandwichcieza.es\/fr\/wp-json\/wp\/v2\/comments?post=2128"}],"wp:featuredmedia":[{"embeddable":true,"href":"https:\/\/panelsandwichcieza.es\/fr\/wp-json\/wp\/v2\/media\/2129"}],"wp:attachment":[{"href":"https:\/\/panelsandwichcieza.es\/fr\/wp-json\/wp\/v2\/media?parent=2128"}],"wp:term":[{"taxonomy":"product_brand","embeddable":true,"href":"https:\/\/panelsandwichcieza.es\/fr\/wp-json\/wp\/v2\/product_brand?post=2128"},{"taxonomy":"product_cat","embeddable":true,"href":"https:\/\/panelsandwichcieza.es\/fr\/wp-json\/wp\/v2\/product_cat?post=2128"},{"taxonomy":"product_tag","embeddable":true,"href":"https:\/\/panelsandwichcieza.es\/fr\/wp-json\/wp\/v2\/product_tag?post=2128"}],"curies":[{"name":"wp","href":"https:\/\/api.w.org\/{rel}","templated":true}]}}