{"id":2019,"date":"2026-04-17T09:46:53","date_gmt":"2026-04-17T07:46:53","guid":{"rendered":"https:\/\/panelsandwichcieza.es\/?post_type=product&#038;p=2019"},"modified":"2026-04-17T10:11:23","modified_gmt":"2026-04-17T08:11:23","slug":"tornillo-psw3","status":"publish","type":"product","link":"https:\/\/panelsandwichcieza.es\/fr\/produit\/tornillo-psw3\/","title":{"rendered":"Tornillo psw3"},"content":{"rendered":"<p>-Tornillo espec\u00edfico para fijaci\u00f3n de panel s\u00e1ndwich met\u00e1lico sobre soporte met\u00e1lico \u22646 mm.<\/p>\n<p>-Rosca inferior \u00d85,5 mm para anclaje firme en el material base.<\/p>\n<p>-Rosca superior bajo cabeza que fija la chapa exterior del panel y act\u00faa como tope de apriete.<\/p>\n<p>-Suministro est\u00e1ndar con arandela de estanqueidad \u00d816 mm para sellado exterior.<\/p>\n<p>-Disponible lacado bajo pedido en cualquier color de la carta RAL.<\/p>\n<p>&nbsp;<\/p>\n<div data-xpm-copy-root=\"\"><\/div>\n<div data-xpm-copy-root=\"\">\n<p><img decoding=\"async\" role=\"presentation\" draggable=\"false\" src=\"data:image\/gif;base64,R0lGODlhAQABAIAAAP\/\/\/wAAACH5BAEAAAAALAAAAAABAAEAAAICRAEAOw==\" aria-hidden=\"true\" data-xpm-latex=\"\\le \" data-imglogged=\"true\" \/><\/p>\n<div><\/div>\n<\/div>\n<p>&nbsp;<\/p>\n<div data-xpm-copy-root=\"\">\n<p><img decoding=\"async\" role=\"presentation\" draggable=\"false\" src=\"data:image\/gif;base64,R0lGODlhAQABAIAAAP\/\/\/wAAACH5BAEAAAAALAAAAAABAAEAAAICRAEAOw==\" aria-hidden=\"true\" data-xpm-latex=\"\\le \" data-imglogged=\"true\" \/><\/p>\n<div><\/div>\n<\/div>\n<p>&nbsp;<\/p>","protected":false},"excerpt":{"rendered":"<p>-Tornillo espec\u00edfico para fijaci\u00f3n de panel s\u00e1ndwich met\u00e1lico sobre soporte met\u00e1lico \u22646 mm.<\/p>\n<p>-Rosca inferior \u00d85,5 mm para anclaje firme en el material base.<\/p>\n<p>-Rosca superior bajo cabeza que fija la chapa exterior del panel y act\u00faa como tope de apriete.<\/p>\n<p>-Suministro est\u00e1ndar con arandela de estanqueidad \u00d816 mm para sellado exterior.<\/p>\n<p>-Disponible lacado bajo pedido en cualquier color de la carta RAL.<\/p>\n<div data-xpm-copy-root=\"\"><img decoding=\"async\" role=\"presentation\" draggable=\"false\" src=\"data:image\/gif;base64,R0lGODlhAQABAIAAAP\/\/\/wAAACH5BAEAAAAALAAAAAABAAEAAAICRAEAOw==\" aria-hidden=\"true\" data-xpm-latex=\"\\le \" data-imglogged=\"true\" \/><\/div>","protected":false},"featured_media":2020,"comment_status":"closed","ping_status":"closed","template":"","meta":{"_joinchat":[]},"product_brand":[],"product_cat":[70],"product_tag":[],"class_list":{"0":"post-2019","1":"product","2":"type-product","3":"status-publish","4":"has-post-thumbnail","6":"product_cat-tornilleria-para-panel-sandwich","8":"first","9":"instock","10":"taxable","11":"shipping-taxable","12":"purchasable","13":"product-type-simple"},"_links":{"self":[{"href":"https:\/\/panelsandwichcieza.es\/fr\/wp-json\/wp\/v2\/product\/2019","targetHints":{"allow":["GET"]}}],"collection":[{"href":"https:\/\/panelsandwichcieza.es\/fr\/wp-json\/wp\/v2\/product"}],"about":[{"href":"https:\/\/panelsandwichcieza.es\/fr\/wp-json\/wp\/v2\/types\/product"}],"replies":[{"embeddable":true,"href":"https:\/\/panelsandwichcieza.es\/fr\/wp-json\/wp\/v2\/comments?post=2019"}],"wp:featuredmedia":[{"embeddable":true,"href":"https:\/\/panelsandwichcieza.es\/fr\/wp-json\/wp\/v2\/media\/2020"}],"wp:attachment":[{"href":"https:\/\/panelsandwichcieza.es\/fr\/wp-json\/wp\/v2\/media?parent=2019"}],"wp:term":[{"taxonomy":"product_brand","embeddable":true,"href":"https:\/\/panelsandwichcieza.es\/fr\/wp-json\/wp\/v2\/product_brand?post=2019"},{"taxonomy":"product_cat","embeddable":true,"href":"https:\/\/panelsandwichcieza.es\/fr\/wp-json\/wp\/v2\/product_cat?post=2019"},{"taxonomy":"product_tag","embeddable":true,"href":"https:\/\/panelsandwichcieza.es\/fr\/wp-json\/wp\/v2\/product_tag?post=2019"}],"curies":[{"name":"wp","href":"https:\/\/api.w.org\/{rel}","templated":true}]}}