{"id":1838,"date":"2025-05-14T09:55:27","date_gmt":"2025-05-14T07:55:27","guid":{"rendered":"https:\/\/panelsandwichcieza.es\/?post_type=product&#038;p=1838"},"modified":"2026-04-14T09:56:04","modified_gmt":"2026-04-14T07:56:04","slug":"panel-fachada-perforada-lana-de-roca-2a-calidad","status":"publish","type":"product","link":"https:\/\/panelsandwichcieza.es\/fr\/produit\/panel-fachada-perforada-lana-de-roca-2a-calidad\/","title":{"rendered":"Panel Fachada Perforada Lana de Roca (2\u00aa calidad)"},"content":{"rendered":"<p><strong>Panel Fachada Perforada Lana de Roca <\/strong><\/p>\n<p>Panel Fachada con perforaci\u00f3n con aislante de lana de roca, m\u00e1s resistente al fuego con insonorizaci\u00f3n.<\/p>\n<p>Disponemos en distintos espesores.<\/p>\n<p>No dudes en consultar.<\/p>","protected":false},"excerpt":{"rendered":"<p><strong>Panel Fachada Perforada Lana de Roca<\/strong><\/p>\n<p>Panel Fachada con perforaci\u00f3n con aislante de lana de roca, m\u00e1s resistente al fuego con insonorizaci\u00f3n.<\/p>\n<p>Disponemos en distintos espesores.<\/p>\n<p>No dudes en consultar.<\/p>\n<p>&nbsp;<\/p>\n<p>&nbsp;<\/p>","protected":false},"featured_media":1839,"comment_status":"closed","ping_status":"closed","template":"","meta":{"_joinchat":[]},"product_brand":[],"product_cat":[67,64],"product_tag":[],"class_list":{"0":"post-1838","1":"product","2":"type-product","3":"status-publish","4":"has-post-thumbnail","6":"product_cat-panel-lana-de-roca-perforado","7":"product_cat-panel-aislante-lana-de-roca","8":"aux-has-gallery","10":"first","11":"instock","12":"taxable","13":"shipping-taxable","14":"purchasable","15":"product-type-simple"},"_links":{"self":[{"href":"https:\/\/panelsandwichcieza.es\/fr\/wp-json\/wp\/v2\/product\/1838","targetHints":{"allow":["GET"]}}],"collection":[{"href":"https:\/\/panelsandwichcieza.es\/fr\/wp-json\/wp\/v2\/product"}],"about":[{"href":"https:\/\/panelsandwichcieza.es\/fr\/wp-json\/wp\/v2\/types\/product"}],"replies":[{"embeddable":true,"href":"https:\/\/panelsandwichcieza.es\/fr\/wp-json\/wp\/v2\/comments?post=1838"}],"wp:featuredmedia":[{"embeddable":true,"href":"https:\/\/panelsandwichcieza.es\/fr\/wp-json\/wp\/v2\/media\/1839"}],"wp:attachment":[{"href":"https:\/\/panelsandwichcieza.es\/fr\/wp-json\/wp\/v2\/media?parent=1838"}],"wp:term":[{"taxonomy":"product_brand","embeddable":true,"href":"https:\/\/panelsandwichcieza.es\/fr\/wp-json\/wp\/v2\/product_brand?post=1838"},{"taxonomy":"product_cat","embeddable":true,"href":"https:\/\/panelsandwichcieza.es\/fr\/wp-json\/wp\/v2\/product_cat?post=1838"},{"taxonomy":"product_tag","embeddable":true,"href":"https:\/\/panelsandwichcieza.es\/fr\/wp-json\/wp\/v2\/product_tag?post=1838"}],"curies":[{"name":"wp","href":"https:\/\/api.w.org\/{rel}","templated":true}]}}