{"id":2021,"date":"2026-04-17T09:59:01","date_gmt":"2026-04-17T07:59:01","guid":{"rendered":"https:\/\/panelsandwichcieza.es\/?post_type=product&#038;p=2021"},"modified":"2026-04-17T09:59:01","modified_gmt":"2026-04-17T07:59:01","slug":"tornillo-ruspert-tph","status":"publish","type":"product","link":"https:\/\/panelsandwichcieza.es\/en\/product\/tornillo-ruspert-tph\/","title":{"rendered":"Tornillo ruspert tph"},"content":{"rendered":"<p>-Sistema 3 en 1: ancla, conforma rosca y fija en un sola operaci\u00f3n (sin taco)<\/p>\n<p>-Rosca Hi-Lo que crea uni\u00f3n mec\u00e1nica reversible con elevada resistencia a tracci\u00f3n.<\/p>\n<p>-Incluye arandela de estanqueidad \u00d818 mm para sellado exterior.<\/p>\n<p>-Apto para mamposter\u00eda y madera.<\/p>\n<p>-Disponible lacado en cualquier color RAL.<\/p>","protected":false},"excerpt":{"rendered":"<p>-Sistema 3 en 1: ancla, conforma rosca y fija en un sola operaci\u00f3n (sin taco)<\/p>\n<p>-Rosca Hi-Lo que crea uni\u00f3n mec\u00e1nica reversible con elevada resistencia a tracci\u00f3n.<\/p>\n<p>-Incluye arandela de estanqueidad \u00d818 mm para sellado exterior.<\/p>\n<p>-Apto para mamposter\u00eda y madera.<\/p>\n<p>-Disponible lacado en cualquier color RAL.<\/p>","protected":false},"featured_media":2022,"comment_status":"closed","ping_status":"closed","template":"","meta":{"_joinchat":[]},"product_brand":[],"product_cat":[70],"product_tag":[],"class_list":{"0":"post-2021","1":"product","2":"type-product","3":"status-publish","4":"has-post-thumbnail","6":"product_cat-tornilleria-para-panel-sandwich","8":"first","9":"instock","10":"taxable","11":"shipping-taxable","12":"purchasable","13":"product-type-simple"},"_links":{"self":[{"href":"https:\/\/panelsandwichcieza.es\/en\/wp-json\/wp\/v2\/product\/2021","targetHints":{"allow":["GET"]}}],"collection":[{"href":"https:\/\/panelsandwichcieza.es\/en\/wp-json\/wp\/v2\/product"}],"about":[{"href":"https:\/\/panelsandwichcieza.es\/en\/wp-json\/wp\/v2\/types\/product"}],"replies":[{"embeddable":true,"href":"https:\/\/panelsandwichcieza.es\/en\/wp-json\/wp\/v2\/comments?post=2021"}],"wp:featuredmedia":[{"embeddable":true,"href":"https:\/\/panelsandwichcieza.es\/en\/wp-json\/wp\/v2\/media\/2022"}],"wp:attachment":[{"href":"https:\/\/panelsandwichcieza.es\/en\/wp-json\/wp\/v2\/media?parent=2021"}],"wp:term":[{"taxonomy":"product_brand","embeddable":true,"href":"https:\/\/panelsandwichcieza.es\/en\/wp-json\/wp\/v2\/product_brand?post=2021"},{"taxonomy":"product_cat","embeddable":true,"href":"https:\/\/panelsandwichcieza.es\/en\/wp-json\/wp\/v2\/product_cat?post=2021"},{"taxonomy":"product_tag","embeddable":true,"href":"https:\/\/panelsandwichcieza.es\/en\/wp-json\/wp\/v2\/product_tag?post=2021"}],"curies":[{"name":"wp","href":"https:\/\/api.w.org\/{rel}","templated":true}]}}