{"id":2016,"date":"2026-04-17T08:57:18","date_gmt":"2026-04-17T06:57:18","guid":{"rendered":"https:\/\/panelsandwichcieza.es\/?post_type=product&#038;p=2016"},"modified":"2026-04-17T10:07:52","modified_gmt":"2026-04-17T08:07:52","slug":"tornillos-vz-remate","status":"publish","type":"product","link":"https:\/\/panelsandwichcieza.es\/en\/product\/tornillos-vz-remate\/","title":{"rendered":"Tornillos vz remate"},"content":{"rendered":"<p>Tornillo autotaladrante de alto rendimiento.<\/p>\n<p>-Perforaci\u00f3n, roscado y fijaci\u00f3n en una sola operaci\u00f3n.<\/p>\n<p>-Cabeza extra plana de baja altura.<\/p>\n<p>-\u00d3ptimo para remater\u00eda y fijaciones vistas.<\/p>\n<p>-Montaje r\u00e1pido y sin pretaladro.<\/p>\n<p>-Reducci\u00f3n de tiempos y herramientas de instalaci\u00f3n.<\/p>\n<p>-Fabricado en acero al carbono templado.<\/p>\n<p>MEDIDAS:<\/p>\n<p>-4,2&#215;14<\/p>","protected":false},"excerpt":{"rendered":"<p>Tornillo autotaladrante de alto rendimiento.<\/p>\n<p>-Perforaci\u00f3n, roscado y fijaci\u00f3n en una sola operaci\u00f3n.<\/p>\n<p>-Cabeza extra plana de baja altura.<\/p>\n<p>-\u00d3ptimo para remater\u00eda y fijaciones vistas.<\/p>\n<p>-Montaje r\u00e1pido y sin pretaladro.<\/p>\n<p>-Reducci\u00f3n de tiempos y herramientas de instalaci\u00f3n.<\/p>\n<p>-Fabricado en acero al carbono templado.<\/p>\n<p>MEDIDAS:<\/p>\n<p>-4,2&#215;14<\/p>","protected":false},"featured_media":2017,"comment_status":"closed","ping_status":"closed","template":"","meta":{"_joinchat":[]},"product_brand":[],"product_cat":[70],"product_tag":[],"class_list":{"0":"post-2016","1":"product","2":"type-product","3":"status-publish","4":"has-post-thumbnail","6":"product_cat-tornilleria-para-panel-sandwich","8":"first","9":"instock","10":"taxable","11":"shipping-taxable","12":"purchasable","13":"product-type-simple"},"_links":{"self":[{"href":"https:\/\/panelsandwichcieza.es\/en\/wp-json\/wp\/v2\/product\/2016","targetHints":{"allow":["GET"]}}],"collection":[{"href":"https:\/\/panelsandwichcieza.es\/en\/wp-json\/wp\/v2\/product"}],"about":[{"href":"https:\/\/panelsandwichcieza.es\/en\/wp-json\/wp\/v2\/types\/product"}],"replies":[{"embeddable":true,"href":"https:\/\/panelsandwichcieza.es\/en\/wp-json\/wp\/v2\/comments?post=2016"}],"wp:featuredmedia":[{"embeddable":true,"href":"https:\/\/panelsandwichcieza.es\/en\/wp-json\/wp\/v2\/media\/2017"}],"wp:attachment":[{"href":"https:\/\/panelsandwichcieza.es\/en\/wp-json\/wp\/v2\/media?parent=2016"}],"wp:term":[{"taxonomy":"product_brand","embeddable":true,"href":"https:\/\/panelsandwichcieza.es\/en\/wp-json\/wp\/v2\/product_brand?post=2016"},{"taxonomy":"product_cat","embeddable":true,"href":"https:\/\/panelsandwichcieza.es\/en\/wp-json\/wp\/v2\/product_cat?post=2016"},{"taxonomy":"product_tag","embeddable":true,"href":"https:\/\/panelsandwichcieza.es\/en\/wp-json\/wp\/v2\/product_tag?post=2016"}],"curies":[{"name":"wp","href":"https:\/\/api.w.org\/{rel}","templated":true}]}}